{"id":54736,"date":"2023-10-08T10:44:32","date_gmt":"2023-10-08T08:44:32","guid":{"rendered":"https:\/\/onitorashop.com\/?post_type=product&#038;p=54736"},"modified":"2024-10-08T10:50:48","modified_gmt":"2024-10-08T08:50:48","slug":"one-piece-preorder-op-10-display-en","status":"publish","type":"product","link":"https:\/\/onitorashop.com\/de\/produkt\/one-piece-preorder-op-10-display-en\/","title":{"rendered":"One Piece Preorder &#8211; OP-10 Display (EN)"},"content":{"rendered":"","protected":false},"excerpt":{"rendered":"<div class=\"flex max-w-full flex-col flex-grow\">\n<div class=\"min-h-8 text-message flex w-full flex-col items-end gap-2 whitespace-normal break-words [.text-message+&amp;]:mt-5\" dir=\"auto\" data-message-author-role=\"assistant\" data-message-id=\"3ac81b9f-41bd-4f56-98a2-93ca8c157701\">\n<div class=\"flex w-full flex-col gap-1 empty:hidden first:pt-[3px]\">\n<div class=\"markdown prose w-full break-words dark:prose-invert light\">\n<div class=\"flex max-w-full flex-col flex-grow\">\n<div class=\"min-h-8 text-message flex w-full flex-col items-end gap-2 whitespace-normal break-words [.text-message+&amp;]:mt-5\" dir=\"auto\" data-message-author-role=\"assistant\" data-message-id=\"3ac81b9f-41bd-4f56-98a2-93ca8c157701\">\n<div class=\"flex w-full flex-col gap-1 empty:hidden first:pt-[3px]\">\n<div class=\"markdown prose w-full break-words dark:prose-invert light\">\n<p style=\"text-align: left;\">Tauchen Sie in die Welt der Sammelkarten ein mit dieser Sammelbox in limitierter Auflage. Perfekt f\u00fcr Kartensammler und <strong>One Piece<\/strong>-Fans \u2013 diese Box ist ein wahres Juwel, um Ihre Sammlung zu erweitern und exklusive Karten zu entdecken.<\/p>\n<p style=\"text-align: left;\"><strong>Produktmerkmale<\/strong> :<\/p>\n<ul style=\"text-align: left;\">\n<li><strong>Menge<\/strong>: 24 Booster<\/li>\n<li><strong>Exklusive Karten<\/strong>: Leader x6 \/ Common x45 \/ Uncommon x30 \/ Rare x26 \/ Super Rare x10 \/ Secret Rare x2 \/ Special Card x6 \/ Treasure Rare x1 \/ DON!! Card x1<\/li>\n<li><strong>Verpackung<\/strong>: Versiegelte Box f\u00fcr ein optimales Sammlerlebnis<\/li>\n<li><strong>Limitierte Auflage<\/strong>: Eine begrenzte Anzahl von Exemplaren\u2014verpassen Sie es nicht!<\/li>\n<li><strong>Gesch\u00e4tztes Ver\u00f6ffentlichungsdatum<\/strong>: 21 M\u00e4rz 2025<\/li>\n<\/ul>\n<hr \/>\n<h3 style=\"text-align: left;\"><strong>Wichtig!<\/strong><\/h3>\n<p style=\"text-align: left;\"><strong>PayPal-Geb\u00fchren<\/strong>: Die PayPal-Geb\u00fchren (6% des Preises) <strong>sind nicht<\/strong> im angezeigten Preis enthalten. Sie werden separat in Rechnung gestellt, wenn Sie PayPal als Zahlungsmethode w\u00e4hlen.<\/p>\n<p style=\"text-align: left;\">Bevor Sie einen Kauf t\u00e4tigen, empfehlen wir Ihnen, unsere <strong><a href=\"https:\/\/dreamofanimes.com\/f-a-q\/\" target=\"_new\" rel=\"noopener\">FAQ-Seite<\/a><\/strong> zu besuchen, um eventuelle Fragen zu kl\u00e4ren.<\/p>\n<hr \/>\n<p style=\"text-align: left;\">Diese Box ist nicht nur ideal, um Ihre Sammlung zu vervollst\u00e4ndigen, sondern auch ein tolles Geschenk f\u00fcr Karten- und Anime-Liebhaber. Verpassen Sie nicht die Gelegenheit, dieses seltene St\u00fcck zu besitzen!<\/p>\n<\/div>\n<\/div>\n<\/div>\n<\/div>\n<\/div>\n<\/div>\n<\/div>\n<\/div>\n","protected":false},"featured_media":55617,"template":"","meta":{"jetpack_publicize_message":"","jetpack_publicize_feature_enabled":true,"jetpack_social_post_already_shared":true,"jetpack_social_options":{"image_generator_settings":{"template":"highway","default_image_id":0,"font":"","enabled":false},"version":2},"_wpas_customize_per_network":false},"product_brand":[],"product_cat":[14556],"product_tag":[6351,14539,13835,13834,7773,10565,8300,6352,7216,7217,13838,14620,11559,7772],"class_list":{"0":"post-54736","1":"product","2":"type-product","3":"status-publish","4":"has-post-thumbnail","6":"product_cat-display-de","7":"product_tag-anime","8":"product_tag-booster","9":"product_tag-card","10":"product_tag-card-game","11":"product_tag-cards","12":"product_tag-display","13":"product_tag-game","14":"product_tag-manga","15":"product_tag-one","16":"product_tag-one-piece","17":"product_tag-op","18":"product_tag-op10","19":"product_tag-piece","20":"product_tag-tcg","22":"first","23":"outofstock","24":"taxable","25":"shipping-taxable","26":"purchasable","27":"product-type-simple"},"jetpack_publicize_connections":[],"jetpack_likes_enabled":true,"jetpack_sharing_enabled":true,"_links":{"self":[{"href":"https:\/\/onitorashop.com\/de\/wp-json\/wp\/v2\/product\/54736","targetHints":{"allow":["GET"]}}],"collection":[{"href":"https:\/\/onitorashop.com\/de\/wp-json\/wp\/v2\/product"}],"about":[{"href":"https:\/\/onitorashop.com\/de\/wp-json\/wp\/v2\/types\/product"}],"wp:featuredmedia":[{"embeddable":true,"href":"https:\/\/onitorashop.com\/de\/wp-json\/wp\/v2\/media\/55617"}],"wp:attachment":[{"href":"https:\/\/onitorashop.com\/de\/wp-json\/wp\/v2\/media?parent=54736"}],"wp:term":[{"taxonomy":"product_brand","embeddable":true,"href":"https:\/\/onitorashop.com\/de\/wp-json\/wp\/v2\/product_brand?post=54736"},{"taxonomy":"product_cat","embeddable":true,"href":"https:\/\/onitorashop.com\/de\/wp-json\/wp\/v2\/product_cat?post=54736"},{"taxonomy":"product_tag","embeddable":true,"href":"https:\/\/onitorashop.com\/de\/wp-json\/wp\/v2\/product_tag?post=54736"}],"curies":[{"name":"wp","href":"https:\/\/api.w.org\/{rel}","templated":true}]}}