{"id":55718,"date":"2024-08-07T13:50:34","date_gmt":"2024-08-07T11:50:34","guid":{"rendered":"https:\/\/onitorashop.com\/?post_type=product&#038;p=55718"},"modified":"2025-08-07T13:56:43","modified_gmt":"2025-08-07T11:56:43","slug":"pokemon-weisse-flammen-sv10-5-booster-bundle-en","status":"publish","type":"product","link":"https:\/\/onitorashop.com\/de\/produkt\/pokemon-weisse-flammen-sv10-5-booster-bundle-en\/","title":{"rendered":"Pokemon &#8211; Weisse Flammen &#8211; SV10.5 Booster Bundle (EN)"},"content":{"rendered":"<p><br data-mce-bogus=\"1\"><\/p>\n","protected":false},"excerpt":{"rendered":"<div class=\"flex max-w-full flex-col flex-grow\">\n<div class=\"min-h-8 text-message flex w-full flex-col items-end gap-2 whitespace-normal break-words [.text-message+&amp;]:mt-5\" dir=\"auto\" data-message-author-role=\"assistant\" data-message-id=\"3ac81b9f-41bd-4f56-98a2-93ca8c157701\">\n<div class=\"flex w-full flex-col gap-1 empty:hidden first:pt-[3px]\">\n<div class=\"markdown prose w-full break-words dark:prose-invert light\">\n<div class=\"flex max-w-full flex-col flex-grow\">\n<div class=\"min-h-8 text-message flex w-full flex-col items-end gap-2 whitespace-normal break-words [.text-message+&amp;]:mt-5\" dir=\"auto\" data-message-author-role=\"assistant\" data-message-id=\"3ac81b9f-41bd-4f56-98a2-93ca8c157701\">\n<div class=\"flex w-full flex-col gap-1 empty:hidden first:pt-[3px]\">\n<div class=\"markdown prose w-full break-words dark:prose-invert light\">\n<p style=\"text-align: left;\">Tauchen Sie in die Welt der Sammelkarten ein mit dieser <strong>Sammelbox in limitierter Auflage<\/strong>. Perfekt f\u00fcr Kartensammler und <strong>Pok\u00e9mon<\/strong>-Fans \u2013 diese Box ist ein wahres Juwel, um Ihre Sammlung zu erweitern und exklusive Karten zu entdecken.<\/p>\n<p style=\"text-align: left;\"><strong>Produktmerkmale<\/strong> :<\/p>\n<ul style=\"text-align: left;\">\n<li><strong>Menge<\/strong>: 6 Boosters<\/li>\n<li><strong>Exklusive Karten<\/strong>: \u00dcber 160 Karten<\/li>\n<li><strong style=\"font-size: 14.4px;\">Verpackung<\/strong><span style=\"font-size: 14.4px;\">: Versiegelte Box f\u00fcr ein optimales Sammlerlebnis<\/span><\/li>\n<li><strong>Limitierte Auflage<\/strong>: Eine begrenzte Anzahl von Exemplaren\u2014verpassen Sie es nicht!<\/li>\n<li><strong>Gesch\u00e4tztes Ver\u00f6ffentlichungsdatum<\/strong>: 22 August 2025<\/li>\n<\/ul>\n<hr \/>\n<h3 style=\"text-align: left;\"><strong>Wichtig!<\/strong><\/h3>\n<p style=\"text-align: left;\"><strong>PayPal-Geb\u00fchren<\/strong>: Die PayPal-Geb\u00fchren (6% des Preises) <strong>sind nicht<\/strong> im angezeigten Preis enthalten. Sie werden separat in Rechnung gestellt, wenn Sie PayPal als Zahlungsmethode w\u00e4hlen.<\/p>\n<p style=\"text-align: left;\">Bevor Sie einen Kauf t\u00e4tigen, empfehlen wir Ihnen, unsere <strong><a href=\"https:\/\/dreamofanimes.com\/f-a-q\/\" target=\"_new\" rel=\"noopener\">FAQ-Seite<\/a><\/strong> zu besuchen, um eventuelle Fragen zu kl\u00e4ren.<\/p>\n<hr \/>\n<p style=\"text-align: left;\">Diese Box ist nicht nur ideal, um Ihre Sammlung zu vervollst\u00e4ndigen, sondern auch ein tolles Geschenk f\u00fcr Karten- und Anime-Liebhaber. Verpassen Sie nicht die Gelegenheit, dieses seltene St\u00fcck zu besitzen!<\/p>\n<\/div>\n<\/div>\n<\/div>\n<\/div>\n<\/div>\n<\/div>\n<\/div>\n<\/div>\n","protected":false},"featured_media":55722,"template":"","meta":{"jetpack_post_was_ever_published":false,"jetpack_publicize_message":"","jetpack_publicize_feature_enabled":true,"jetpack_social_post_already_shared":true,"jetpack_social_options":{"image_generator_settings":{"template":"highway","default_image_id":0,"font":"","enabled":false},"version":2},"_wpas_customize_per_network":false},"product_brand":[],"product_cat":[15188],"product_tag":[6351,15169,14539,15189,13923,13835,13834,7773,15168,15170,15172,12623,8300,6352,8717,15136,10450,13877,15135,13876,15171,15173,8010,15167],"class_list":{"0":"post-55718","1":"product","2":"type-product","3":"status-publish","4":"has-post-thumbnail","6":"product_cat-others","7":"product_tag-anime","8":"product_tag-blanche","9":"product_tag-booster","10":"product_tag-booster-bundle","11":"product_tag-bundle","12":"product_tag-card","13":"product_tag-card-game","14":"product_tag-cards","15":"product_tag-flamme","16":"product_tag-flamme-blanche","17":"product_tag-flammen","18":"product_tag-flare","19":"product_tag-game","20":"product_tag-manga","21":"product_tag-pokemon","22":"product_tag-pokemon-card-game","23":"product_tag-scarlet","24":"product_tag-scarlet-violet","25":"product_tag-sv10-5","26":"product_tag-violet","27":"product_tag-weisse","28":"product_tag-weisse-flammen","29":"product_tag-white","30":"product_tag-white-flare","32":"first","33":"outofstock","34":"taxable","35":"shipping-taxable","36":"purchasable","37":"product-type-simple"},"jetpack_publicize_connections":[],"jetpack_likes_enabled":true,"jetpack_sharing_enabled":true,"_links":{"self":[{"href":"https:\/\/onitorashop.com\/de\/wp-json\/wp\/v2\/product\/55718","targetHints":{"allow":["GET"]}}],"collection":[{"href":"https:\/\/onitorashop.com\/de\/wp-json\/wp\/v2\/product"}],"about":[{"href":"https:\/\/onitorashop.com\/de\/wp-json\/wp\/v2\/types\/product"}],"wp:featuredmedia":[{"embeddable":true,"href":"https:\/\/onitorashop.com\/de\/wp-json\/wp\/v2\/media\/55722"}],"wp:attachment":[{"href":"https:\/\/onitorashop.com\/de\/wp-json\/wp\/v2\/media?parent=55718"}],"wp:term":[{"taxonomy":"product_brand","embeddable":true,"href":"https:\/\/onitorashop.com\/de\/wp-json\/wp\/v2\/product_brand?post=55718"},{"taxonomy":"product_cat","embeddable":true,"href":"https:\/\/onitorashop.com\/de\/wp-json\/wp\/v2\/product_cat?post=55718"},{"taxonomy":"product_tag","embeddable":true,"href":"https:\/\/onitorashop.com\/de\/wp-json\/wp\/v2\/product_tag?post=55718"}],"curies":[{"name":"wp","href":"https:\/\/api.w.org\/{rel}","templated":true}]}}