{"id":56178,"date":"2026-01-10T22:45:30","date_gmt":"2026-01-10T21:45:30","guid":{"rendered":"https:\/\/onitorashop.com\/product\/pokemon-mega-evolution-optimale-ordnung-me03-elite-trainer-box-en\/"},"modified":"2026-03-30T08:49:47","modified_gmt":"2026-03-30T06:49:47","slug":"pokemon-mega-evolution-optimale-ordnung-me03-elite-trainer-box-en","status":"publish","type":"product","link":"https:\/\/onitorashop.com\/de\/produkt\/pokemon-mega-evolution-optimale-ordnung-me03-elite-trainer-box-en\/","title":{"rendered":"Pokemon Mega Evolution Optimale Ordnung ME03 Elite Trainer Box (EN)"},"content":{"rendered":"<p><strong>Pokemon Mega Evolution Optimale Ordnung Elite Trainer Box EN<\/strong> ist Teil der Pok\u00e9mon-TCG-Erweiterung<br \/>\n<strong>Mega Evolution: Optimale Ordnung (ME03)<\/strong>.<\/p>\n<p>Diese Elite Trainer Box enth\u00e4lt <strong>9 englische Boosterpacks<\/strong> sowie offizielles Pok\u00e9mon-TCG-Zubeh\u00f6r und eignet sich ideal f\u00fcr Sammler und Spieler.<\/p>\n<p><strong>Produktdetails:<\/strong><\/p>\n<ul>\n<li>Erweiterung: Mega Evolution: Optimale Ordnung (ME03)<\/li>\n<li>Sprache: Englisch<\/li>\n<li>Inhalt: 9 Boosterpacks<\/li>\n<li>Zustand: Originalverpackt<\/li>\n<li>Verf\u00fcgbarkeit: Verf\u00fcgbar ab 27. M\u00e4rz 2025<\/li>\n<\/ul>\n<p>Bitte lesen Sie vor dem Kauf unsere <a href=\"https:\/\/onitorashop.com\/f-a-q\/\" target=\"_blank\" rel=\"nofollow noopener\">FAQ<\/a> f\u00fcr weitere Informationen.<\/p>\n","protected":false},"excerpt":{"rendered":"<p><strong>Pokemon Mega Evolution Optimale Ordnung ME03 Elite Trainer Box (EN)<\/strong><\/p>\n<p>Enth\u00e4lt <strong>9 englische Boosterpacks<\/strong> aus der Erweiterung <em>Mega Evolution: Optimale Ordnung<\/em>.<br \/>\nIdeal f\u00fcr Sammler und Pok\u00e9mon-TCG-Spieler.<\/p>\n<p><strong>Verf\u00fcgbarkeit:<\/strong> Verf\u00fcgbar ab <strong>27. M\u00e4rz 2025<\/strong>.<\/p>\n<p>Bitte lesen Sie vor dem Kauf unsere <a href=\"https:\/\/onitorashop.com\/f-a-q\/\" target=\"_blank\" rel=\"nofollow noopener\">FAQ<\/a>.<\/p>\n","protected":false},"featured_media":56170,"template":"","meta":{"jetpack_publicize_message":"","jetpack_publicize_feature_enabled":true,"jetpack_social_post_already_shared":true,"jetpack_social_options":{"image_generator_settings":{"template":"highway","default_image_id":0,"font":"","enabled":false},"version":2},"_wpas_customize_per_network":false},"product_brand":[],"product_cat":[15134],"product_tag":[7886,9167,9169,15212,15290,15289,9166,15211,15285,15281,7864,15214,15287,15286,8593,15288,15291,8140,15280,8717,15282,15284,7772,15283,13912],"class_list":{"0":"post-56178","1":"product","2":"type-product","3":"status-publish","4":"has-post-thumbnail","6":"product_cat-elite-trainer-box","7":"product_tag-box","8":"product_tag-elite","9":"product_tag-elite-trainer-box","10":"product_tag-entwicklung","11":"product_tag-equilibre","12":"product_tag-equilibre-parfait","13":"product_tag-etb","14":"product_tag-evolution","15":"product_tag-me","16":"product_tag-me03","17":"product_tag-mega","18":"product_tag-mega-evolution","19":"product_tag-optimale","20":"product_tag-optimale-ordnung","21":"product_tag-order","22":"product_tag-ordnung","23":"product_tag-parfait","24":"product_tag-perfect","25":"product_tag-perfect-order","26":"product_tag-pokemon","27":"product_tag-pokemon-tcg","28":"product_tag-sealed-product","29":"product_tag-tcg","30":"product_tag-trading-card-game","31":"product_tag-trainer","33":"first","34":"instock","35":"sale","36":"taxable","37":"shipping-taxable","38":"purchasable","39":"product-type-simple"},"jetpack_publicize_connections":[],"jetpack_likes_enabled":true,"jetpack_sharing_enabled":true,"_links":{"self":[{"href":"https:\/\/onitorashop.com\/de\/wp-json\/wp\/v2\/product\/56178","targetHints":{"allow":["GET"]}}],"collection":[{"href":"https:\/\/onitorashop.com\/de\/wp-json\/wp\/v2\/product"}],"about":[{"href":"https:\/\/onitorashop.com\/de\/wp-json\/wp\/v2\/types\/product"}],"wp:featuredmedia":[{"embeddable":true,"href":"https:\/\/onitorashop.com\/de\/wp-json\/wp\/v2\/media\/56170"}],"wp:attachment":[{"href":"https:\/\/onitorashop.com\/de\/wp-json\/wp\/v2\/media?parent=56178"}],"wp:term":[{"taxonomy":"product_brand","embeddable":true,"href":"https:\/\/onitorashop.com\/de\/wp-json\/wp\/v2\/product_brand?post=56178"},{"taxonomy":"product_cat","embeddable":true,"href":"https:\/\/onitorashop.com\/de\/wp-json\/wp\/v2\/product_cat?post=56178"},{"taxonomy":"product_tag","embeddable":true,"href":"https:\/\/onitorashop.com\/de\/wp-json\/wp\/v2\/product_tag?post=56178"}],"curies":[{"name":"wp","href":"https:\/\/api.w.org\/{rel}","templated":true}]}}