{"id":54720,"date":"2023-10-08T08:51:36","date_gmt":"2024-10-08T06:51:36","guid":{"rendered":"https:\/\/onitorashop.com\/?post_type=product&#038;p=54720"},"modified":"2024-10-08T08:56:02","modified_gmt":"2024-10-08T06:56:02","slug":"one-piece-500-years-in-the-future-op-07-display-en","status":"publish","type":"product","link":"https:\/\/onitorashop.com\/fr\/produit\/one-piece-500-years-in-the-future-op-07-display-en\/","title":{"rendered":"One Piece &#8211; 500 Years In The Future &#8211; OP-07 Display (EN)"},"content":{"rendered":"","protected":false},"excerpt":{"rendered":"<p style=\"text-align: left;\">Plongez dans l&rsquo;univers des cartes \u00e0 collectionner avec cette <strong>bo\u00eete en \u00e9dition limit\u00e9e<\/strong>. Parfaite pour les passionn\u00e9s de cartes et les fans de <strong>One Piece<\/strong>, cette bo\u00eete est un v\u00e9ritable tr\u00e9sor pour enrichir votre collection et d\u00e9couvrir des cartes exclusives.<\/p>\n<p style=\"text-align: left;\"><strong>Caract\u00e9ristiques du produit<\/strong> :<\/p>\n<ul style=\"text-align: left;\">\n<li><strong>Quantit\u00e9<\/strong> : 24 boosters<\/li>\n<li><strong>Cartes Exclusives<\/strong> : Leader x6 \/ Uncommon x30 \/ Common x45 \/ Rare x26 \/ Super Rare x10 \/ Secret Rare x2 \/ Special Card x6 \/ Treasure Rare x1 \/ DON!! Card x1<\/li>\n<li><strong>Conditionnement<\/strong> : Bo\u00eete scell\u00e9e pour une exp\u00e9rience de collection optimale<\/li>\n<li><strong>\u00c9dition Limit\u00e9e<\/strong> : Un nombre limit\u00e9 d&rsquo;exemplaires\u2014ne passez pas \u00e0 c\u00f4t\u00e9 !<\/li>\n<li><b>En Stock<\/b><\/li>\n<\/ul>\n<hr \/>\n<h3 style=\"text-align: left;\"><strong>Important !<\/strong><\/h3>\n<p style=\"text-align: left;\"><strong>Frais PayPal<\/strong> : Les frais PayPal (6% du prix) <strong>ne sont pas inclus<\/strong> dans le prix affich\u00e9. Ils vous seront factur\u00e9s s\u00e9par\u00e9ment si vous choisissez le mode de paiement PayPal.<\/p>\n<p style=\"text-align: left;\">Avant tout achat, nous vous encourageons \u00e0 consulter notre <strong><a href=\"https:\/\/onitorashop.com\/f-a-q2\/?lang=fr\" target=\"_new\" rel=\"noopener\">page F.A.Q<\/a><\/strong> pour toute question ou information compl\u00e9mentaire.<\/p>\n<hr \/>\n<p style=\"text-align: left;\">Cette bo\u00eete est non seulement id\u00e9ale pour compl\u00e9ter votre collection, mais elle constitue \u00e9galement un excellent cadeau pour les passionn\u00e9s de cartes et d&rsquo;anime. Ne manquez pas l&rsquo;opportunit\u00e9 de poss\u00e9der cette pi\u00e8ce rare !<\/p>\n","protected":false},"featured_media":54716,"template":"","meta":{"jetpack_post_was_ever_published":false,"jetpack_publicize_message":"","jetpack_publicize_feature_enabled":true,"jetpack_social_post_already_shared":true,"jetpack_social_options":{"image_generator_settings":{"template":"highway","default_image_id":0,"font":"","enabled":false},"version":2},"_wpas_customize_per_network":false},"product_brand":[],"product_cat":[14555],"product_tag":[14575,14574,6370,14544,13849,13848,7783,10570,14577,8306,6383,7221,7222,14578,11561,7782,14576],"class_list":{"0":"post-54720","1":"product","2":"type-product","3":"status-publish","4":"has-post-thumbnail","6":"product_cat-display-fr","7":"product_tag-500-fr","8":"product_tag-500-years-in-the-future-fr","9":"product_tag-anime-fr","10":"product_tag-booster-fr","11":"product_tag-card-fr","12":"product_tag-card-game-fr","13":"product_tag-cards-fr","14":"product_tag-display-fr","15":"product_tag-future-fr","16":"product_tag-game-fr","17":"product_tag-manga-fr","18":"product_tag-one-fr","19":"product_tag-one-piece-fr","20":"product_tag-op07-fr","21":"product_tag-piece-fr","22":"product_tag-tcg-fr","23":"product_tag-years-fr","25":"first","26":"outofstock","27":"taxable","28":"shipping-taxable","29":"purchasable","30":"product-type-simple"},"jetpack_publicize_connections":[],"jetpack_likes_enabled":true,"jetpack_sharing_enabled":true,"_links":{"self":[{"href":"https:\/\/onitorashop.com\/fr\/wp-json\/wp\/v2\/product\/54720","targetHints":{"allow":["GET"]}}],"collection":[{"href":"https:\/\/onitorashop.com\/fr\/wp-json\/wp\/v2\/product"}],"about":[{"href":"https:\/\/onitorashop.com\/fr\/wp-json\/wp\/v2\/types\/product"}],"wp:featuredmedia":[{"embeddable":true,"href":"https:\/\/onitorashop.com\/fr\/wp-json\/wp\/v2\/media\/54716"}],"wp:attachment":[{"href":"https:\/\/onitorashop.com\/fr\/wp-json\/wp\/v2\/media?parent=54720"}],"wp:term":[{"taxonomy":"product_brand","embeddable":true,"href":"https:\/\/onitorashop.com\/fr\/wp-json\/wp\/v2\/product_brand?post=54720"},{"taxonomy":"product_cat","embeddable":true,"href":"https:\/\/onitorashop.com\/fr\/wp-json\/wp\/v2\/product_cat?post=54720"},{"taxonomy":"product_tag","embeddable":true,"href":"https:\/\/onitorashop.com\/fr\/wp-json\/wp\/v2\/product_tag?post=54720"}],"curies":[{"name":"wp","href":"https:\/\/api.w.org\/{rel}","templated":true}]}}