{"id":55664,"date":"2024-08-07T12:39:14","date_gmt":"2024-08-07T10:39:14","guid":{"rendered":"https:\/\/onitorashop.com\/?post_type=product&#038;p=55664"},"modified":"2025-08-07T12:42:43","modified_gmt":"2025-08-07T10:42:43","slug":"one-piece-eb03-display-en","status":"publish","type":"product","link":"https:\/\/onitorashop.com\/fr\/produit\/one-piece-eb03-display-en\/","title":{"rendered":"One Piece &#8211; EB03 Display (EN)"},"content":{"rendered":"","protected":false},"excerpt":{"rendered":"<p style=\"text-align: left;\">Plongez dans l&rsquo;univers des cartes \u00e0 collectionner avec cette <strong>bo\u00eete en \u00e9dition limit\u00e9e<\/strong>. Parfaite pour les passionn\u00e9s de cartes et les fans de <strong>One Piece<\/strong>, cette bo\u00eete est un v\u00e9ritable tr\u00e9sor pour enrichir votre collection et d\u00e9couvrir des cartes exclusives.<\/p>\n<p style=\"text-align: left;\"><strong>Caract\u00e9ristiques du produit<\/strong> :<\/p>\n<ul style=\"text-align: left;\">\n<li><strong>Quantit\u00e9<\/strong> : 24 boosters<\/li>\n<li><strong>Cartes Exclusives<\/strong> : Leader x1 \/ Common x29 \/ Rare x21 \/ Super Rare x9 \/ Secret Rare x2 \/ Special Card x9<\/li>\n<li><strong>Conditionnement<\/strong> : Bo\u00eete scell\u00e9e pour une exp\u00e9rience de collection optimale<\/li>\n<li><strong>\u00c9dition Limit\u00e9e<\/strong> : Un nombre limit\u00e9 d&rsquo;exemplaires\u2014ne passez pas \u00e0 c\u00f4t\u00e9 !<\/li>\n<li><b>Date de sortie estim\u00e9e :\u00a0<\/b>20 F\u00e9vrier 2026<\/li>\n<\/ul>\n<hr \/>\n<h3 style=\"text-align: left;\"><strong>Important !<\/strong><\/h3>\n<p style=\"text-align: left;\"><strong>Frais PayPal<\/strong> : Les frais PayPal (6% du prix) <strong>ne sont pas inclus<\/strong> dans le prix affich\u00e9. Ils vous seront factur\u00e9s s\u00e9par\u00e9ment si vous choisissez le mode de paiement PayPal.<\/p>\n<p style=\"text-align: left;\">Avant tout achat, nous vous encourageons \u00e0 consulter notre <strong><a href=\"https:\/\/onitorashop.com\/f-a-q2\/?lang=fr\" target=\"_new\" rel=\"noopener\">page F.A.Q<\/a><\/strong> pour toute question ou information compl\u00e9mentaire.<\/p>\n<hr \/>\n<p style=\"text-align: left;\">Cette bo\u00eete est non seulement id\u00e9ale pour compl\u00e9ter votre collection, mais elle constitue \u00e9galement un excellent cadeau pour les passionn\u00e9s de cartes et d&rsquo;anime. Ne manquez pas l&rsquo;opportunit\u00e9 de poss\u00e9der cette pi\u00e8ce rare !<\/p>\n","protected":false},"featured_media":56099,"template":"","meta":{"jetpack_post_was_ever_published":false,"jetpack_publicize_message":"","jetpack_publicize_feature_enabled":true,"jetpack_social_post_already_shared":true,"jetpack_social_options":{"image_generator_settings":{"template":"highway","default_image_id":0,"font":"","enabled":false},"version":2},"_wpas_customize_per_network":false},"product_brand":[],"product_cat":[14555],"product_tag":[6351,14539,13835,13834,7773,8452,10565,15107,14542,8300,6352,7216,7217,13833,11559,7772],"class_list":{"0":"post-55664","1":"product","2":"type-product","3":"status-publish","4":"has-post-thumbnail","6":"product_cat-display-fr","7":"product_tag-anime","8":"product_tag-booster","9":"product_tag-card","10":"product_tag-card-game","11":"product_tag-cards","12":"product_tag-collection","13":"product_tag-display","14":"product_tag-eb03","15":"product_tag-extra-booster","16":"product_tag-game","17":"product_tag-manga","18":"product_tag-one","19":"product_tag-one-piece","20":"product_tag-one-piece-card-game","21":"product_tag-piece","22":"product_tag-tcg","24":"first","25":"outofstock","26":"sale","27":"taxable","28":"shipping-taxable","29":"purchasable","30":"product-type-simple"},"jetpack_publicize_connections":[],"jetpack_likes_enabled":true,"jetpack_sharing_enabled":true,"_links":{"self":[{"href":"https:\/\/onitorashop.com\/fr\/wp-json\/wp\/v2\/product\/55664","targetHints":{"allow":["GET"]}}],"collection":[{"href":"https:\/\/onitorashop.com\/fr\/wp-json\/wp\/v2\/product"}],"about":[{"href":"https:\/\/onitorashop.com\/fr\/wp-json\/wp\/v2\/types\/product"}],"wp:featuredmedia":[{"embeddable":true,"href":"https:\/\/onitorashop.com\/fr\/wp-json\/wp\/v2\/media\/56099"}],"wp:attachment":[{"href":"https:\/\/onitorashop.com\/fr\/wp-json\/wp\/v2\/media?parent=55664"}],"wp:term":[{"taxonomy":"product_brand","embeddable":true,"href":"https:\/\/onitorashop.com\/fr\/wp-json\/wp\/v2\/product_brand?post=55664"},{"taxonomy":"product_cat","embeddable":true,"href":"https:\/\/onitorashop.com\/fr\/wp-json\/wp\/v2\/product_cat?post=55664"},{"taxonomy":"product_tag","embeddable":true,"href":"https:\/\/onitorashop.com\/fr\/wp-json\/wp\/v2\/product_tag?post=55664"}],"curies":[{"name":"wp","href":"https:\/\/api.w.org\/{rel}","templated":true}]}}