{"id":56054,"date":"2024-12-19T17:38:27","date_gmt":"2024-12-19T16:38:27","guid":{"rendered":"https:\/\/onitorashop.com\/?post_type=product&#038;p=56054"},"modified":"2025-12-19T17:44:56","modified_gmt":"2025-12-19T16:44:56","slug":"pokemon-heros-ascendus-me2-5-premium-poster-collection-lucario-en","status":"publish","type":"product","link":"https:\/\/onitorashop.com\/fr\/produit\/pokemon-heros-ascendus-me2-5-premium-poster-collection-lucario-en\/","title":{"rendered":"Pokemon &#8211; Heros Ascendus &#8211; ME2.5 Premium Poster Collection (Lucario) (EN)"},"content":{"rendered":"","protected":false},"excerpt":{"rendered":"<p style=\"text-align: left;\">Plongez dans l&rsquo;univers des cartes \u00e0 collectionner avec cette <strong>bo\u00eete en \u00e9dition limit\u00e9e<\/strong>. Parfaite pour les passionn\u00e9s de cartes et les fans de <strong>Pok\u00e9mon<\/strong>, cette bo\u00eete est un v\u00e9ritable tr\u00e9sor pour enrichir votre collection et d\u00e9couvrir des cartes exclusives.<\/p>\n<p style=\"text-align: left;\"><strong>Caract\u00e9ristiques du produit<\/strong> :<\/p>\n<ul style=\"text-align: left;\">\n<li><strong>Quantit\u00e9<\/strong> : 8 boosters<\/li>\n<li><strong>Cartes Exclusives<\/strong> : Plus de 160 cartes<\/li>\n<li><strong>Conditionnement<\/strong> : Bo\u00eete scell\u00e9e pour une exp\u00e9rience de collection optimale<\/li>\n<li><strong>\u00c9dition Limit\u00e9e<\/strong> : Un nombre limit\u00e9 d&rsquo;exemplaires\u2014ne passez pas \u00e0 c\u00f4t\u00e9 !<\/li>\n<li><b>Disponible d\u00e8s le 20 Mars 2026<\/b><\/li>\n<\/ul>\n<hr \/>\n<h3 style=\"text-align: left;\"><strong>Important !<\/strong><\/h3>\n<p style=\"text-align: left;\"><strong>Frais PayPal<\/strong> : Les frais PayPal (6% du prix) <strong>ne sont pas inclus<\/strong> dans le prix affich\u00e9. Ils vous seront factur\u00e9s s\u00e9par\u00e9ment si vous choisissez le mode de paiement PayPal.<\/p>\n<p style=\"text-align: left;\">Avant tout achat, nous vous encourageons \u00e0 consulter notre <strong><a href=\"https:\/\/onitorashop.com\/f-a-q2\/?lang=fr\" target=\"_new\" rel=\"noopener\">page F.A.Q<\/a><\/strong> pour toute question ou information compl\u00e9mentaire.<\/p>\n<hr \/>\n<p style=\"text-align: left;\">Cette bo\u00eete est non seulement id\u00e9ale pour compl\u00e9ter votre collection, mais elle constitue \u00e9galement un excellent cadeau pour les passionn\u00e9s de cartes et d&rsquo;anime. Ne manquez pas l&rsquo;opportunit\u00e9 de poss\u00e9der cette pi\u00e8ce rare !<\/p>\n","protected":false},"featured_media":56036,"template":"","meta":{"jetpack_publicize_message":"","jetpack_publicize_feature_enabled":true,"jetpack_social_post_already_shared":true,"jetpack_social_options":{"image_generator_settings":{"template":"highway","default_image_id":0,"font":"","enabled":false},"version":2},"_wpas_customize_per_network":false},"product_brand":[],"product_cat":[15190],"product_tag":[6351,15203,15204,15206,14539,13835,13834,7773,8452,15212,15208,15210,15211,8300,15209,7541,15205,15207,6352,15202,7864,15213,15214,8717,15136,13927,14609,15244],"class_list":{"0":"post-56054","1":"product","2":"type-product","3":"status-publish","4":"has-post-thumbnail","6":"product_cat-autres","7":"product_tag-anime","8":"product_tag-ascended","9":"product_tag-ascended-heroes","10":"product_tag-ascendus","11":"product_tag-booster","12":"product_tag-card","13":"product_tag-card-game","14":"product_tag-cards","15":"product_tag-collection","16":"product_tag-entwicklung","17":"product_tag-erhabene","18":"product_tag-erhabene-helden","19":"product_tag-evolution","20":"product_tag-game","21":"product_tag-helden","22":"product_tag-heroes","23":"product_tag-heros","24":"product_tag-heros-ascendus","25":"product_tag-manga","26":"product_tag-me2-5","27":"product_tag-mega","28":"product_tag-mega-entwicklung","29":"product_tag-mega-evolution","30":"product_tag-pokemon","31":"product_tag-pokemon-card-game","32":"product_tag-poster","33":"product_tag-premium","34":"product_tag-premium-poster-collection","36":"first","37":"outofstock","38":"sale","39":"taxable","40":"shipping-taxable","41":"purchasable","42":"product-type-simple"},"jetpack_publicize_connections":[],"jetpack_likes_enabled":true,"jetpack_sharing_enabled":true,"_links":{"self":[{"href":"https:\/\/onitorashop.com\/fr\/wp-json\/wp\/v2\/product\/56054","targetHints":{"allow":["GET"]}}],"collection":[{"href":"https:\/\/onitorashop.com\/fr\/wp-json\/wp\/v2\/product"}],"about":[{"href":"https:\/\/onitorashop.com\/fr\/wp-json\/wp\/v2\/types\/product"}],"wp:featuredmedia":[{"embeddable":true,"href":"https:\/\/onitorashop.com\/fr\/wp-json\/wp\/v2\/media\/56036"}],"wp:attachment":[{"href":"https:\/\/onitorashop.com\/fr\/wp-json\/wp\/v2\/media?parent=56054"}],"wp:term":[{"taxonomy":"product_brand","embeddable":true,"href":"https:\/\/onitorashop.com\/fr\/wp-json\/wp\/v2\/product_brand?post=56054"},{"taxonomy":"product_cat","embeddable":true,"href":"https:\/\/onitorashop.com\/fr\/wp-json\/wp\/v2\/product_cat?post=56054"},{"taxonomy":"product_tag","embeddable":true,"href":"https:\/\/onitorashop.com\/fr\/wp-json\/wp\/v2\/product_tag?post=56054"}],"curies":[{"name":"wp","href":"https:\/\/api.w.org\/{rel}","templated":true}]}}