{"id":56196,"date":"2025-01-10T23:21:08","date_gmt":"2025-01-10T22:21:08","guid":{"rendered":"https:\/\/onitorashop.com\/product\/pokemon-mega-evolution-equilibre-parfait-me03-booster-box-en\/"},"modified":"2026-01-10T23:50:32","modified_gmt":"2026-01-10T22:50:32","slug":"pokemon-mega-evolution-equilibre-parfait-me03-booster-box-en","status":"publish","type":"product","link":"https:\/\/onitorashop.com\/fr\/produit\/pokemon-mega-evolution-equilibre-parfait-me03-booster-box-en\/","title":{"rendered":"Pokemon Mega Evolution Equilibre Parfait ME03 Booster Box (EN)"},"content":{"rendered":"<p><strong>Pokemon Mega Evolution \u00c9quilibre Parfait Booster Box EN<\/strong> fait partie de l\u2019extension Pok\u00e9mon TCG<br \/>\n<strong>Mega Evolution : \u00c9quilibre Parfait (ME03)<\/strong>.<\/p>\n<p>Cette Booster Box contient <strong>36 boosters en anglais<\/strong>, id\u00e9ale pour les collectionneurs et les joueurs comp\u00e9titifs du Pok\u00e9mon TCG.<\/p>\n<p><strong>D\u00e9tails du produit :<\/strong><\/p>\n<ul>\n<li>Extension : Mega Evolution : \u00c9quilibre Parfait (ME03)<\/li>\n<li>Langue : Anglais<\/li>\n<li>Contenu : 36 boosters<\/li>\n<li>\u00c9tat : Scell\u00e9 d\u2019usine<\/li>\n<li>Disponibilit\u00e9 : Disponible \u00e0 partir du 27 mars 2025<\/li>\n<\/ul>\n<p>Avant tout achat, nous vous recommandons de consulter notre <a href=\"https:\/\/onitorashop.com\/f-a-q\/\" target=\"_blank\" rel=\"nofollow noopener\">FAQ<\/a> pour plus d\u2019informations.<\/p>\n","protected":false},"excerpt":{"rendered":"<p><strong>Pokemon Mega Evolution \u00c9quilibre Parfait ME03 Booster Box (EN)<\/strong><\/p>\n<p>Contient <strong>36 boosters en anglais<\/strong> de l\u2019extension <em>Mega Evolution : \u00c9quilibre Parfait<\/em>.<br \/>\nId\u00e9al pour les collectionneurs et les joueurs du Pok\u00e9mon TCG.<\/p>\n<p><strong>Disponibilit\u00e9 :<\/strong> Disponible \u00e0 partir du <strong>27 mars 2025<\/strong>.<\/p>\n<p>Avant tout achat, veuillez consulter notre <a href=\"https:\/\/onitorashop.com\/f-a-q\/\" target=\"_blank\" rel=\"nofollow noopener\">FAQ<\/a>.<\/p>\n","protected":false},"featured_media":56193,"template":"","meta":{"jetpack_publicize_message":"","jetpack_publicize_feature_enabled":true,"jetpack_social_post_already_shared":true,"jetpack_social_options":{"image_generator_settings":{"template":"highway","default_image_id":0,"font":"","enabled":false},"version":2},"_wpas_customize_per_network":false},"product_brand":[],"product_cat":[14803],"product_tag":[14544,15317,7891,15225,15302,15301,15224,15297,15293,7870,15227,15299,15298,8600,15300,15303,8142,15292,8726,15294,15296,7782,15295,13916],"class_list":{"0":"post-56196","1":"product","2":"type-product","3":"status-publish","4":"has-post-thumbnail","6":"product_cat-display-fr-3","7":"product_tag-booster-fr","8":"product_tag-booster-box","9":"product_tag-box-fr","10":"product_tag-entwicklung","11":"product_tag-equilibre","12":"product_tag-equilibre-parfait","13":"product_tag-evolution","14":"product_tag-me","15":"product_tag-me03","16":"product_tag-mega-fr","17":"product_tag-mega-evolution","18":"product_tag-optimale","19":"product_tag-optimale-ordnung","20":"product_tag-order-fr","21":"product_tag-ordnung","22":"product_tag-parfait","23":"product_tag-perfect-fr","24":"product_tag-perfect-order","25":"product_tag-pokemon-fr","26":"product_tag-pokemon-tcg","27":"product_tag-sealed-product","28":"product_tag-tcg-fr","29":"product_tag-trading-card-game","30":"product_tag-trainer-fr","32":"first","33":"outofstock","34":"sale","35":"taxable","36":"shipping-taxable","37":"purchasable","38":"product-type-simple"},"jetpack_publicize_connections":[],"jetpack_likes_enabled":true,"jetpack_sharing_enabled":true,"_links":{"self":[{"href":"https:\/\/onitorashop.com\/fr\/wp-json\/wp\/v2\/product\/56196","targetHints":{"allow":["GET"]}}],"collection":[{"href":"https:\/\/onitorashop.com\/fr\/wp-json\/wp\/v2\/product"}],"about":[{"href":"https:\/\/onitorashop.com\/fr\/wp-json\/wp\/v2\/types\/product"}],"wp:featuredmedia":[{"embeddable":true,"href":"https:\/\/onitorashop.com\/fr\/wp-json\/wp\/v2\/media\/56193"}],"wp:attachment":[{"href":"https:\/\/onitorashop.com\/fr\/wp-json\/wp\/v2\/media?parent=56196"}],"wp:term":[{"taxonomy":"product_brand","embeddable":true,"href":"https:\/\/onitorashop.com\/fr\/wp-json\/wp\/v2\/product_brand?post=56196"},{"taxonomy":"product_cat","embeddable":true,"href":"https:\/\/onitorashop.com\/fr\/wp-json\/wp\/v2\/product_cat?post=56196"},{"taxonomy":"product_tag","embeddable":true,"href":"https:\/\/onitorashop.com\/fr\/wp-json\/wp\/v2\/product_tag?post=56196"}],"curies":[{"name":"wp","href":"https:\/\/api.w.org\/{rel}","templated":true}]}}