{"id":56409,"date":"2026-02-23T22:25:21","date_gmt":"2026-02-23T21:25:21","guid":{"rendered":"https:\/\/onitorashop.com\/product\/naruto-mythos-tcg-konoha-shido-display-24-packs-en\/"},"modified":"2026-03-30T18:41:19","modified_gmt":"2026-03-30T16:41:19","slug":"naruto-mythos-tcg-konoha-shido-display-24-packs-en","status":"publish","type":"product","link":"https:\/\/onitorashop.com\/fr\/produit\/naruto-mythos-tcg-konoha-shido-display-24-packs-en\/","title":{"rendered":"Naruto Mythos TCG \u2013 Konoha Shido Display (1st Edition) (EN)"},"content":{"rendered":"<h2><strong>Naruto Mythos TCG \u2013 Konoha Shido Display Booster (24 Boosters) (EN)<\/strong><\/h2>\n<p><strong>Produit officiel Display Booster du Naruto Mythos TCG \u2013 scell\u00e9 d\u2019usine.<\/strong><\/p>\n<p>Ce display contient <strong>24 boosters<\/strong> issus de l\u2019extension <strong>Konoha Shido<\/strong>.<\/p>\n<p>Chaque booster contient <strong>10 cartes<\/strong>.<\/p>\n<p><strong>Disponibilit\u00e9 :<\/strong> Pr\u00e9commande \u2013 Date de sortie : <strong>13 mars 2026<\/strong><\/p>\n<hr \/>\n<h3><strong>D\u00e9tails du produit<\/strong><\/h3>\n<ul>\n<li><strong>Langue :<\/strong> Anglais<\/li>\n<li><strong>\u00c9tat :<\/strong> Scell\u00e9 d\u2019usine<\/li>\n<li><strong>Contenu :<\/strong> 24 boosters<\/li>\n<li><strong>Cartes par booster :<\/strong> 10<\/li>\n<li><strong>Extension :<\/strong> Konoha Shido<\/li>\n<li><strong>Marque :<\/strong> Mythos TCG<\/li>\n<\/ul>\n<hr \/>\n<h3><strong>Information carton<\/strong><\/h3>\n<p><strong>12 Displays achet\u00e9s = 1 carton scell\u00e9<\/strong> (selon disponibilit\u00e9).<\/p>\n<hr \/>\n<h3><strong>Exp\u00e9dition<\/strong><\/h3>\n<p>Les commandes seront exp\u00e9di\u00e9es <strong>fin avril \/ d\u00e9but mai<\/strong>.<\/p>\n<p>Tous les produits sont soigneusement emball\u00e9s et exp\u00e9di\u00e9s de mani\u00e8re s\u00e9curis\u00e9e depuis la Suisse.<\/p>\n","protected":false},"excerpt":{"rendered":"<p><span style=\"color: #ed1c24;\"><strong>\u26a0\ufe0f Information importante : L\u2019\u00e9diteur a organis\u00e9 la sortie en plusieurs vagues de distribution. Certaines pr\u00e9commandes pourront donc \u00eatre exp\u00e9di\u00e9es lors de la Wave 2, peu apr\u00e8s la date de sortie officielle. Toutes les commandes restent enti\u00e8rement r\u00e9serv\u00e9es et seront exp\u00e9di\u00e9es d\u00e8s r\u00e9ception de la prochaine livraison.<\/strong><\/span><\/p>\n<p><strong>Naruto Mythos TCG \u2013 Konoha Shido Display Booster (24 Boosters) (EN)<\/strong> \u2013 produit officiel scell\u00e9 d\u2019usine.<\/p>\n<p>Contient <strong>24 boosters<\/strong> de l\u2019extension <strong>Konoha Shido<\/strong>.<\/p>\n<p>Chaque booster contient <strong>10 cartes<\/strong>.<\/p>\n<p><strong>Disponibilit\u00e9 :<\/strong> Pr\u00e9commande \u2013 Date de sortie : Les commandes seront exp\u00e9di\u00e9es <strong>fin avril \/ d\u00e9but mai<\/strong>.<\/p>\n<p><strong>Information carton :<\/strong><br \/>\n12 Displays achet\u00e9s = 1 carton scell\u00e9 (selon disponibilit\u00e9).<\/p>\n","protected":false},"featured_media":56391,"template":"","meta":{"jetpack_post_was_ever_published":false,"jetpack_publicize_message":"","jetpack_publicize_feature_enabled":true,"jetpack_social_post_already_shared":true,"jetpack_social_options":{"image_generator_settings":{"template":"highway","default_image_id":0,"font":"","enabled":false},"version":2},"_wpas_customize_per_network":false},"product_brand":[],"product_cat":[15379],"product_tag":[15372,15371,15345,15369,15370,6863,15344],"class_list":{"0":"post-56409","1":"product","2":"type-product","3":"status-publish","4":"has-post-thumbnail","6":"product_cat-naruto-display-fr","7":"product_tag-24-packs","8":"product_tag-booster-display","9":"product_tag-english","10":"product_tag-konoha-shido","11":"product_tag-mythos-tcg","12":"product_tag-naruto-fr-2","13":"product_tag-sealed","15":"first","16":"instock","17":"sale","18":"taxable","19":"shipping-taxable","20":"purchasable","21":"product-type-simple"},"jetpack_publicize_connections":[],"jetpack_likes_enabled":true,"jetpack_sharing_enabled":true,"_links":{"self":[{"href":"https:\/\/onitorashop.com\/fr\/wp-json\/wp\/v2\/product\/56409","targetHints":{"allow":["GET"]}}],"collection":[{"href":"https:\/\/onitorashop.com\/fr\/wp-json\/wp\/v2\/product"}],"about":[{"href":"https:\/\/onitorashop.com\/fr\/wp-json\/wp\/v2\/types\/product"}],"wp:featuredmedia":[{"embeddable":true,"href":"https:\/\/onitorashop.com\/fr\/wp-json\/wp\/v2\/media\/56391"}],"wp:attachment":[{"href":"https:\/\/onitorashop.com\/fr\/wp-json\/wp\/v2\/media?parent=56409"}],"wp:term":[{"taxonomy":"product_brand","embeddable":true,"href":"https:\/\/onitorashop.com\/fr\/wp-json\/wp\/v2\/product_brand?post=56409"},{"taxonomy":"product_cat","embeddable":true,"href":"https:\/\/onitorashop.com\/fr\/wp-json\/wp\/v2\/product_cat?post=56409"},{"taxonomy":"product_tag","embeddable":true,"href":"https:\/\/onitorashop.com\/fr\/wp-json\/wp\/v2\/product_tag?post=56409"}],"curies":[{"name":"wp","href":"https:\/\/api.w.org\/{rel}","templated":true}]}}